{"id":5894,"date":"2023-11-15T20:42:39","date_gmt":"2023-11-15T19:42:39","guid":{"rendered":"https:\/\/www.vakantiehoeve.nl\/wpbeheer\/bedingungen\/"},"modified":"2023-11-15T20:55:03","modified_gmt":"2023-11-15T19:55:03","slug":"bedingungen","status":"publish","type":"page","link":"https:\/\/www.vakantiehoeve.nl\/wpbeheer\/bedingungen\/?lang=de","title":{"rendered":"Bedingungen"},"content":{"rendered":"\n\n\t<section class=\"section\" id=\"section_1814289766\">\n\t\t<div class=\"section-bg fill\" >\n\t\t\t\t\t\t\t\t\t\n\t\t\t\n\n\t\t<\/div>\n\n\t\t\n\n\t\t<div class=\"section-content relative\">\n\t\t\t\n\n<div class=\"row\"  id=\"row-2020679644\">\n\n\n\t<div id=\"col-1005234796\" class=\"col small-12 large-12\"  >\n\t\t\t\t<div class=\"col-inner\"  >\n\t\t\t\n\t\t\t\n\n<h3 class=\"accordion_title\">Bedingungen<\/h3><div class=\"accordion\">\n\n\t<div id=\"accordion-766703442\" class=\"accordion-item\">\n\t\t<a id=\"accordion-766703442-label\" class=\"accordion-title plain\" href=\"#accordion-item-hausordnung\" aria-expanded=\"false\" aria-controls=\"accordion-766703442-content\">\n\t\t\t<button class=\"toggle\" aria-label=\"Toggle\"><i class=\"icon-angle-down\" aria-hidden=\"true\"><\/i><\/button>\n\t\t\t<span>Hausordnung<\/span>\n\t\t<\/a>\n\t\t<div id=\"accordion-766703442-content\" class=\"accordion-inner\" aria-labelledby=\"accordion-766703442-label\">\n\t\t\t\n\n<h3><strong>Hausordnung<\/strong><\/h3>\n<p>Liebe Ferieng\u00e4ste,<\/p>\n<p>Herzlich willkommen auf unserem Ferienhof. Einige Regeln, um Ihren Urlaubsaufenthalt so angenehm wie m\u00f6glich zu gestalten. Wir bitten Sie, uns im Falle von M\u00e4ngeln so schnell wie m\u00f6glich zu informieren. Auf diese Weise k\u00f6nnen wir eventuelle M\u00e4ngel ausbessern. Die maximale Belegung ist in den Reiseunterlagen angegeben, sie darf nicht \u00fcberschritten werden.<\/p>\n<ol>\n<li>Wir bitten Sie, die Gegenst\u00e4nde im und um das Haus herum mit Sorgfalt zu behandeln und keine M\u00f6bel zu bewegen. Dies kann zu unn\u00f6tigen Sch\u00e4den und Abnutzung f\u00fchren.<\/li>\n<li>Achten Sie auf die L\u00e4rmbelastigung Halten Sie sich an die Regel, nach <strong> 22 Uhr<\/strong> die Ruhe f\u00fcr die Anwohner und die anderen G\u00e4ste zu respektieren.<\/li>\n<li>Bitte respektieren Sie den Garten, pfl\u00fccken Sie keine Blumen und ber\u00fchren Sie keine B\u00e4ume und Pflanzen<strong>. <\/strong>Rauchen ist im Haus und in der Wohnung nicht erlaubt. Offenes Feuer ist nicht erlaubt, nur Holzkohle in dem daf\u00fcr vorgesehenen Grill.<\/li>\n<li>Haben Sie Ihr Haustier mitgebracht? Achten Sie dann darauf, dass es nicht auf Sofas oder Betten liegt und halten Sie das Tier drau\u00dfen an der Leine.<\/li>\n<li>Da der Stromverbrauch in der Miete enthalten ist, bitten wir Sie, mit Wasser, Strom und Heizung sparsam umzugehen. Achten Sie in den Wintermonaten darauf, die Fenster zu schlie\u00dfen und das Licht auszuschalten, wenn Sie es nicht brauchen oder das Haus verlassen.<\/li>\n<li>Wir trennen den Abfall in <strong>Glas, Gr\u00fcngut, Papier und Restm\u00fcll <\/strong>(Plastik mit Restm\u00fcll).<\/li>\n<\/ol>\n<p>Restm\u00fcll <strong>Grauer<\/strong> Container und <strong>grauer<\/strong> Container mit <strong>rotem<\/strong> Deckel in verschlossenen Abfalls\u00e4cken<\/p>\n<p>Gr\u00fcnabfall <strong>Gr\u00fcner<\/strong> Container<\/p>\n<p>Papierbeh\u00e4lter mit <strong>blauem<\/strong> Deckel<\/p>\n<ol start=\"7\">\n<li>Niemand besch\u00e4digt absichtlich etwas in der Wohnung, aber es kann jedem passieren, dass einmal etwas kaputt geht. Wir w\u00e4ren Ihnen sehr dankbar, wenn Sie uns eventuelle Sch\u00e4den umgehend melden w\u00fcrden, damit wir sie f\u00fcr die nachfolgenden G\u00e4ste so schnell wie m\u00f6glich ersetzen k\u00f6nnen.<\/li>\n<li>Das Betreten des Firmengel\u00e4ndes, der Wiese, des Obstgartens und der Geb\u00e4ude ist aus Sicherheitsgr\u00fcnden strengstens untersagt und wir \u00fcbernehmen daher keine Haftung. Die Autos sollten neben den Ferienunterk\u00fcnften geparkt werden, damit der Durchgang zu den St\u00e4llen frei bleibt.<\/li>\n<li>Die Betten sollten immer mit Bettw\u00e4sche bezogen werden. Sollten Sie dies nicht tun, k\u00f6nnen Ihnen die Reinigungskosten f\u00fcr Kissen, Decken und Matratzen in Rechnung gestellt werden. Haben Sie die Bettw\u00e4sche vergessen? Sie k\u00f6nnen bei uns ein Paket f\u00fcr 7,50 \u20ac pro Aufenthalt mieten.<\/li>\n<li>Unser Haus und unsere Wohnung sind mit Moskitonetzen ausgestattet, um Fliegen fernzuhalten. Wir empfehlen Ihnen, diese ebenfalls zu benutzen. Die Schlafzimmerfenster sind mit L\u00fcftungsgittern versehen.<\/li>\n<li>Abfahrtszeit ist 10 Uhr, sofern nicht anders vereinbart. Suchen Sie beim Verlassen des Hauses auch nach Ladeger\u00e4ten, CDs\/DVDs, B\u00fcchern, Spielzeug usw., die Ihnen geh\u00f6ren. Verlassen Sie die Unterkunft in gutem Zustand (Besensauber). Bitte leeren Sie bei der Abreise die M\u00fclltonnen im Haus in die entsprechenden Beh\u00e4lter, lassen Sie die Sp\u00fclmaschine laufen, leeren Sie den K\u00fchlschrank und hinterlassen Sie Herd, Mikrowelle, Grill und Backofen sauber.<\/li>\n<\/ol>\n<p><em>Wir w\u00fcnschen Ihnen einen sch\u00f6nen Aufenthalt.<\/em><\/p>\n<p>Fam de Milliano-Brugge<\/p>\n\n\t\t<\/div>\n\t<\/div>\n\t\n\t<div id=\"accordion-333551933\" class=\"accordion-item\">\n\t\t<a id=\"accordion-333551933-label\" class=\"accordion-title plain\" href=\"#accordion-item-stornierungsbedingungen\" aria-expanded=\"false\" aria-controls=\"accordion-333551933-content\">\n\t\t\t<button class=\"toggle\" aria-label=\"Toggle\"><i class=\"icon-angle-down\" aria-hidden=\"true\"><\/i><\/button>\n\t\t\t<span>Stornierungsbedingungen<\/span>\n\t\t<\/a>\n\t\t<div id=\"accordion-333551933-content\" class=\"accordion-inner\" aria-labelledby=\"accordion-333551933-label\">\n\t\t\t\n\n<div class=\"page\" title=\"Seite 1\">\n<div class=\"layoutArea\">\n<div class=\"column\">\n<p>Die Stornierungsbedingungen sind:<\/p>\n<ol>\n<li>\n<p>Bei einer Stornierung ab dem 42. Tag (einschlie\u00dflich) bis zum 28. Tag vor dem Anreisetag 60 % des Mietpreises.<\/p>\n<\/li>\n<li>\n<p>Bei einer Stornierung ab dem 28. Tag (einschlie\u00dflich) bis zum Anreisetag 90 % des Mietpreises.<\/p>\n<\/li>\n<li>\n<p>Bei Stornierung am Anreisetag oder sp\u00e4ter: der volle Mietbetrag.<\/p>\n<\/li>\n<\/ol>\n<\/div>\n<\/div>\n<\/div>\n\n\t\t<\/div>\n\t<\/div>\n\t\n\t<div id=\"accordion-2380200090\" class=\"accordion-item\">\n\t\t<a id=\"accordion-2380200090-label\" class=\"accordion-title plain\" href=\"#accordion-item-privatsph\u00e4re\" aria-expanded=\"false\" aria-controls=\"accordion-2380200090-content\">\n\t\t\t<button class=\"toggle\" aria-label=\"Toggle\"><i class=\"icon-angle-down\" aria-hidden=\"true\"><\/i><\/button>\n\t\t\t<span>Privatsph\u00e4re<\/span>\n\t\t<\/a>\n\t\t<div id=\"accordion-2380200090-content\" class=\"accordion-inner\" aria-labelledby=\"accordion-2380200090-label\">\n\t\t\t\n\n<h1><strong>Datenschutzerkl\u00e4rung<\/strong><\/h1>\n<p>VOF de Biezenpolder, gevestigd aan Biezenstraat 21, 4529 JJ EEDE (Z.VL) Nederland, is verantwoordelijk voor de verwerking van persoonsgegevens zoals weergegeven in deze privacyverklaring.<\/p>\n<h3><strong>Persoonsgegevens die worden verwerkt<\/strong><\/h3>\n<p>VOF de Biezenpolder verwerkt je persoonsgegevens doordat je gebruik maakt van onze diensten en\/of omdat je deze gegevens zelf aan ons verstrekt.<\/p>\n<p>Hieronder vind je een overzicht van de persoonsgegevens die wij verwerken:<\/p>\n<p>\u2013 Vor- und Nachname<br>\u2013 Adresdaten<br>\u2013 Telefonnummer<br>\u2013 E-mailadresse<br>\u2013 IP-adresse<br>\u2013 Gegevens over jouw activiteiten op onze website<br>\u2013 Internetbrowser en apparaat type<br>\u2013 Bankkontonummer<\/p>\n<h3>Bijzondere en\/of gevoelige persoonsgegevens die wij verwerken<\/h3>\n<p>Onze website en\/of dienst heeft niet de intentie gegevens te verzamelen over websitebezoekers die jonger zijn dan 16 jaar. Tenzij ze toestemming hebben van ouders of voogd. We kunnen echter niet controleren of een bezoeker ouder dan 16 is. Wij raden ouders dan ook aan betrokken te zijn bij de online activiteiten van hun kinderen, om zo te voorkomen dat er gegevens over kinderen verzameld worden zonder ouderlijke toestemming. Als je er van overtuigd bent dat wij zonder die toestemming persoonlijke gegevens hebben verzameld over een minderjarige, neem dan contact met ons op via info@vakantiehoeve.nl, dan verwijderen wij deze informatie.<\/p>\n<h3><strong>Met welk doel en op basis van welke grondslag wij persoonsgegevens verwerken ?<\/strong><\/h3>\n<p>VOF de Biezenpolder verwerkt jouw persoonsgegevens voor de volgende doelen:<br>\u2013 Het contact te kunnen opnemen met je voor beantwoorden van vragen over onze Vakantihoeve en reseveringen die jij via telefoon, e-mail of via ons contactformulier toestuurt.<br>\u2013 Het afhandelen van jouw betaling<br>\u2013 Je te kunnen bellen of e-mailen indien dit nodig is om onze dienstverlening uit te kunnen voeren<br>\u2013 Om diensten bij je af te leveren<br>\u2013 VOF de Biezenpolder analyseert jouw gedrag op de website om daarmee de website te verbeteren en het aanbod van producten en diensten af te stemmen op jouw voorkeuren.<\/p>\n<h3>Geautomatiseerde besluitvorming<\/h3>\n<p>VOF de Biezenpolder neemt niet op basis van geautomatiseerde verwerkingen besluiten over zaken die (aanzienlijke) gevolgen kunnen hebben voor personen.<\/p>\n<h3><strong>Hoe lang we persoonsgegevens bewaren ?<\/strong><\/h3>\n<p>VOF de Biezenpolder bewaart je persoonsgegevens niet langer dan strikt nodig is om de doelen te realiseren waarvoor je gegevens worden verzameld. Wij hanteren de volgende bewaartermijnen voor de volgende (categorie\u00ebn) van persoonsgegevens:<\/p>\n<p>Personalie en Adres- en contactgevens, bank informatie bij reserveringen en boekingen, wettelijke bewaartermijn<\/p>\n<p>Personalien (naam, e-mail) en adresgegevens van contact aanvragen en informatie verzoeken, 1 jaar tbv lopende correspondentie<\/p>\n<p>Informatie welke via Google Analytics verzameld wordt zoals internetbrowser, apparaat worden 28 maanden bewaart door Google, om website gebruik te analyseren en te verbeteren.<\/p>\n<h3><strong>Delen van persoonsgegevens met derden<\/strong><\/h3>\n<p>VOF de Biezenpolder verstrekt uitsluitend aan derden en alleen als dit nodig is voor de uitvoering van onze overeenkomst met jou of om te voldoen aan een wettelijke verplichting.<\/p>\n<p>Wij verkopen geen gegevens aan derden.<\/p>\n<h3><strong>Contactgegevens<\/strong><\/h3>\n<p>VOF De Biezenpolder<br>Biezenstraat 21<br>4529 JJ EEDE (Z.VL)<br>Die Niederlande<br><a href=\"mailto:info@vakantiehoeve.nl\">info@vakantiehoeve.nl<\/a><br>Datenschutzbeauftragte \u2013 Erik de Milliano<\/p>\n<h3><strong>In kaart brengen websitebezoek<\/strong><\/h3>\n<p>Op de website van VOF De Biezenpolder worden algemene bezoekgegevens bijgehouden, waaronder het IP-adres van uw computer en het tijdstip van opvraging en gegevens die uw browser meestuurt. Deze gegevens worden gebruikt voor analyses van bezoek- en klikgedrag op de website. VOF De Biezenpolder gebruikt deze informatie om de werking van de website te verbeteren. Deze gegevens worden zo veel mogelijk geanonimiseerd en worden niet aan derden verstrekt.<\/p>\n<h3><strong>Google Analytics<\/strong><\/h3>\n<p>VOF De Biezenpolder maakt gebruik van Google Analytics om bij te houden hoe gebruikers de websitegebruiken.<\/p>\n<p>De aldus verkregen informatie wordt, met inbegrip van het adres van uw computer (IP-adres), overgebracht naar en door Google opgeslagen op servers in de Verenigde Staten. Lees het privacybeleid van Google voor meer informatie. U treft ook het privacybeleid van Google Analytics hier aan.<\/p>\n<p>Google gebruikt deze informatie om bij te houden hoe onze website gebruikt wordt, om rapporten over de Website aan VOF De Biezenpolder te kunnen verstrekken.<\/p>\n<p>Google kan deze informatie aan derden verschaffen indien Google hiertoe wettelijk wordt verplicht, of voor zover deze derden de informatie namens Google verwerken. VOF de Biezenpolder heeft hier geen invloed op.<\/p>\n<p>VOF de Biezenpolder heeft Google geen toestemming gegeven om via VOF De Biezenpolder verkregen Analytics-informatie te gebruiken voor andere Google-diensten.<\/p>\n<h3><strong>Cookies, of vergelijkbare technieken, die wij gebruiken<\/strong><\/h3>\n<p>VOF de Biezenpolder gebruikt alleen technische en functionele cookies. En analytische cookies die geen inbreuk maken op je privacy. Een cookie is een klein tekstbestand dat bij het eerste bezoek aan deze website wordt opgeslagen op jouw computer, tablet of smartphone.<\/p>\n<p>De cookies die wij gebruiken zijn noodzakelijk voor de technische werking van de website en jouw gebruiksgemak. Ze zorgen ervoor dat de website naar behoren werkt en onthouden bijvoorbeeld jouw voorkeursinstellingen. Ook kunnen wij hiermee onze website optimaliseren. Je kunt je afmelden voor cookies door je internetbrowser zo in te stellen dat deze geen cookies meer opslaat. Daarnaast kun je ook alle informatie die eerder is opgeslagen via de instellingen van je browser verwijderen.<\/p>\n<p>Zie voor een toelichting: <a href=\"https:\/\/veiliginternetten.nl\/themes\/situatie\/cookies-wat-zijn-het-en-wat-doe-ik-ermee\/\">https:\/\/veiliginternetten.nl\/themes\/situatie\/cookies-wat-zijn-het-en-wat-doe-ik-ermee\/<\/a><\/p>\n<h3><strong>Gegevens inzien, aanpassen of verwijderen<\/strong><\/h3>\n<p>U heeft het recht om uw persoonsgegevens in te zien, te corrigeren of te verwijderen. U kunt een verzoek tot inzage, correctie of verwijdering sturen naar info@vakantiehoeve.nl. VOF De Biezenpolder zal zo snel mogelijk, maar binnen vier weken, op uw verzoek reageren.<\/p>\n<p>Om er zeker van te zijn dat het verzoek tot inzage door u is gedaan, vragen wij u een kopie van uw identiteitsbewijs met het verzoek mee te sturen. Maak in deze kopie uw pasfoto, MRZ (machine readable zone, de strook met nummers onderaan het paspoort), paspoortnummer en Burgerservicenummer (BSN) zwart. Dit ter bescherming van uw privacy. We reageren zo snel mogelijk, maar binnen vier weken, op uw verzoek.<\/p>\n<h3><strong>Hoe wij persoonsgegevens beveiligen<\/strong><\/h3>\n<p>VOF de Biezenpolder neemt de bescherming van jouw gegevens serieus en neemt passende maatregelen om misbruik, verlies, onbevoegde toegang, ongewenste openbaarmaking en ongeoorloofde wijziging tegen te gaan. Als jij het idee hebt dat jouw gegevens toch niet goed beveiligd zijn of er zijn aanwijzingen van misbruik, neem dan contact op met ons via info@vakantiehoeve.nl. V<\/p>\n<p>VOF de Biezenpolder heeft de volgende maatregelen genomen om jouw persoonsgegevens te beveiligen:<\/p>\n<p>\u2013 Beveiligingssoftware, zoals een virusscanner, en firewall<\/p>\n\n\t\t<\/div>\n\t<\/div>\n\t\n\t<div id=\"accordion-2697095608\" class=\"accordion-item\">\n\t\t<a id=\"accordion-2697095608-label\" class=\"accordion-title plain\" href=\"#accordion-item-cookiebeleid\" aria-expanded=\"false\" aria-controls=\"accordion-2697095608-content\">\n\t\t\t<button class=\"toggle\" aria-label=\"Toggle\"><i class=\"icon-angle-down\" aria-hidden=\"true\"><\/i><\/button>\n\t\t\t<span>Cookiebeleid<\/span>\n\t\t<\/a>\n\t\t<div id=\"accordion-2697095608-content\" class=\"accordion-inner\" aria-labelledby=\"accordion-2697095608-label\">\n\t\t\t\n\n<p><strong>Cookies<\/strong><\/p>\n<p>Voor het functioneren van vakantiehoeve.nl maken we gebruik van cookies. Een cookie is een klein bestandje dat met pagina\u2019s van deze website wordt meegestuurd en door de browser op de harde schrijf van je computer wordt opgeslagen.<\/p>\n<p>Vakantiehoeve.nl plaatst enkele cookies die noodzakelijk zijn voor het functioneren van de site.<\/p>\n<p>Het gebruik van cookies is van groot belang voor het goed laten draaien van onze website, maar ook cookies waarvan je niet direct het effect ziet (zoals Google Analytics) zijn zeer belangrijk. Met de anonieme input van bezoekers kunnen wij een beeld maken van het gebruik van de website en hoe we deze kunnen verbeteren.<\/p>\n<p>De \u2018tracking cookies\u2019, die worden geplaatst voor voor analytische doeleinden of advertenties, zijn zogenaamde \u2018third party cookies\u2019. Deze cookies worden niet door ons zelf geplaatst, maar door derde partijen. Om deze reden kunnen wij hier geen verantwoording voor nemen.<\/p>\n<p>Wil je niet dat er cookies worden geplaatst? Dan kun je cookies eenvoudig uitzetten via je browser. Hoe je dit moet doen kun je vinden op <a title=\"consumentenbond\" href=\"https:\/\/www.consumentenbond.nl\/internet-privacy\/cookies-verwijderen\">de website van de Consumentenbond<\/a>.<\/p>\n<p><strong>Overzicht gebruikte cookies<\/strong><\/p>\n<p>Hieronder wordt beschreven van welke third-party cookies gebruik wordt gemaakt.<\/p>\n<p><strong>Google Analytics<\/strong><\/p>\n<p>Via Google Analytics worden op vakantiehoeve.nl geanonimiseerd gegevens over het surfgedrag verzameld. Zo kunnen wij zien hoe bezoekers zoals jij de website gebruiken. Wij gebruiken deze informatie om beslissingen te nemen over de inrichting onze website. Tevens optimaliseren wij hiermee de werking van de website. De verkregen informatie wordt door Google opgeslagen op servers in de Verenigde Staten. Google verstrekt deze informatie ook aan adverteerders om inzicht in de effectiviteit van hun campagnes te kunnen bieden. Google kan deze informatie aan derden verschaffen indien Google hiertoe wettelijk wordt verplicht, of voor zover deze derden de informatie namens Google verwerken. Wij hebben hier geen invloed op. Wij hebben Google niet toegestaan de verkregen analytics informatie te gebruiken voor andere Google diensten. Lees het <a href=\"http:\/\/www.google.com\/intl\/nl\/policies\/privacy\/\">privacybeleid van Google<\/a> voor meer informatie, alsook het specifieke <a href=\"http:\/\/www.google.com\/intl\/nl\/analytics\/privacyoverview.html\">privacybeleid van Google Analytics<\/a>.<\/p>\n<p>Wil je niet dat je klikgedrag wordt bijgehouden? Dan kan je via de website van Google een browser plugin downloaden die dit voorkomt. Deze instelling geldt dan voor alle websites die je bezoekt, dus niet alleen voor vakantiehoeve.nl;. Je kunt de browserplugin <a href=\"https:\/\/tools.google.com\/dlpage\/gaoptout?hl=nl\">hier downloaden<\/a>.<\/p>\n<p>User en Event data welke via Google Analytics word verzameld word na 28 maanden verwijderd.<\/p>\n\n\t\t<\/div>\n\t<\/div>\n\t\n\n<\/div>\n\n\t\t<\/div>\n\t\t\t\t\t<\/div>\n\n\t\n\n<\/div>\n\n\t\t<\/div>\n\n\t\t\n<style>\n#section_1814289766 {\n  padding-top: 30px;\n  padding-bottom: 30px;\n}\n<\/style>\n\t<\/section>\n\t\n\n","protected":false},"excerpt":{"rendered":"","protected":false},"author":1,"featured_media":0,"parent":0,"menu_order":0,"comment_status":"closed","ping_status":"closed","template":"page-transparent-header.php","meta":{"footnotes":""},"class_list":["post-5894","page","type-page","status-publish","hentry"],"yoast_head":"<!-- This site is optimized with the Yoast SEO plugin v27.2 - https:\/\/yoast.com\/product\/yoast-seo-wordpress\/ -->\n<title>Bedingungen - %<\/title>\n<meta name=\"description\" content=\"Alle Datenschutzbestimmungen, Hausordnung, Cookie- und Stornierungsbestimmungen f\u00fcr einen angenehmen Aufenthalt auf unserem Ferienhof\" \/>\n<meta name=\"robots\" content=\"index, follow, max-snippet:-1, max-image-preview:large, max-video-preview:-1\" \/>\n<link rel=\"canonical\" href=\"https:\/\/www.vakantiehoeve.nl\/wpbeheer\/bedingungen\/?lang=de\" \/>\n<meta property=\"og:locale\" content=\"nl_NL\" \/>\n<meta property=\"og:type\" content=\"article\" \/>\n<meta property=\"og:title\" content=\"Bedingungen - %\" \/>\n<meta property=\"og:description\" content=\"Alle Datenschutzbestimmungen, Hausordnung, Cookie- und Stornierungsbestimmungen f\u00fcr einen angenehmen Aufenthalt auf unserem Ferienhof\" \/>\n<meta property=\"og:url\" content=\"https:\/\/www.vakantiehoeve.nl\/wpbeheer\/bedingungen\/?lang=de\" \/>\n<meta property=\"og:site_name\" content=\"Vakantiehoeve de Biezenpolder\" \/>\n<meta property=\"article:modified_time\" content=\"2023-11-15T19:55:03+00:00\" \/>\n<script type=\"application\/ld+json\" class=\"yoast-schema-graph\">{\"@context\":\"https:\/\/schema.org\",\"@graph\":[{\"@type\":\"WebPage\",\"@id\":\"https:\/\/www.vakantiehoeve.nl\/wpbeheer\/bedingungen\/?lang=de\",\"url\":\"https:\/\/www.vakantiehoeve.nl\/wpbeheer\/bedingungen\/?lang=de\",\"name\":\"Bedingungen - %\",\"isPartOf\":{\"@id\":\"https:\/\/www.vakantiehoeve.nl\/wpbeheer\/#website\"},\"datePublished\":\"2023-11-15T19:42:39+00:00\",\"dateModified\":\"2023-11-15T19:55:03+00:00\",\"description\":\"Alle Datenschutzbestimmungen, Hausordnung, Cookie- und Stornierungsbestimmungen f\u00fcr einen angenehmen Aufenthalt auf unserem Ferienhof\",\"breadcrumb\":{\"@id\":\"https:\/\/www.vakantiehoeve.nl\/wpbeheer\/bedingungen\/?lang=de#breadcrumb\"},\"inLanguage\":\"nl-NL\",\"potentialAction\":[{\"@type\":\"ReadAction\",\"target\":[\"https:\/\/www.vakantiehoeve.nl\/wpbeheer\/bedingungen\/?lang=de\"]}]},{\"@type\":\"BreadcrumbList\",\"@id\":\"https:\/\/www.vakantiehoeve.nl\/wpbeheer\/bedingungen\/?lang=de#breadcrumb\",\"itemListElement\":[{\"@type\":\"ListItem\",\"position\":1,\"name\":\"Home\",\"item\":\"https:\/\/www.vakantiehoeve.nl\/wpbeheer\/\"},{\"@type\":\"ListItem\",\"position\":2,\"name\":\"Bedingungen\"}]},{\"@type\":\"WebSite\",\"@id\":\"https:\/\/www.vakantiehoeve.nl\/wpbeheer\/#website\",\"url\":\"https:\/\/www.vakantiehoeve.nl\/wpbeheer\/\",\"name\":\"Vakantiehoeve de Biezenpolder\",\"description\":\"geniet het zeeuwsvlaamse landschap\",\"publisher\":{\"@id\":\"https:\/\/www.vakantiehoeve.nl\/wpbeheer\/#organization\"},\"potentialAction\":[{\"@type\":\"SearchAction\",\"target\":{\"@type\":\"EntryPoint\",\"urlTemplate\":\"https:\/\/www.vakantiehoeve.nl\/wpbeheer\/?s={search_term_string}\"},\"query-input\":{\"@type\":\"PropertyValueSpecification\",\"valueRequired\":true,\"valueName\":\"search_term_string\"}}],\"inLanguage\":\"nl-NL\"},{\"@type\":\"Organization\",\"@id\":\"https:\/\/www.vakantiehoeve.nl\/wpbeheer\/#organization\",\"name\":\"VOF de Biezenpolder\",\"url\":\"https:\/\/www.vakantiehoeve.nl\/wpbeheer\/\",\"logo\":{\"@type\":\"ImageObject\",\"inLanguage\":\"nl-NL\",\"@id\":\"https:\/\/www.vakantiehoeve.nl\/wpbeheer\/#\/schema\/logo\/image\/\",\"url\":\"https:\/\/www.vakantiehoeve.nl\/wpbeheer\/wp-content\/uploads\/2023\/11\/android-chrome-512x512-1.png\",\"contentUrl\":\"https:\/\/www.vakantiehoeve.nl\/wpbeheer\/wp-content\/uploads\/2023\/11\/android-chrome-512x512-1.png\",\"width\":512,\"height\":512,\"caption\":\"VOF de Biezenpolder\"},\"image\":{\"@id\":\"https:\/\/www.vakantiehoeve.nl\/wpbeheer\/#\/schema\/logo\/image\/\"}}]}<\/script>\n<!-- \/ Yoast SEO plugin. -->","yoast_head_json":{"title":"Bedingungen - %","description":"Alle Datenschutzbestimmungen, Hausordnung, Cookie- und Stornierungsbestimmungen f\u00fcr einen angenehmen Aufenthalt auf unserem Ferienhof","robots":{"index":"index","follow":"follow","max-snippet":"max-snippet:-1","max-image-preview":"max-image-preview:large","max-video-preview":"max-video-preview:-1"},"canonical":"https:\/\/www.vakantiehoeve.nl\/wpbeheer\/bedingungen\/?lang=de","og_locale":"nl_NL","og_type":"article","og_title":"Bedingungen - %","og_description":"Alle Datenschutzbestimmungen, Hausordnung, Cookie- und Stornierungsbestimmungen f\u00fcr einen angenehmen Aufenthalt auf unserem Ferienhof","og_url":"https:\/\/www.vakantiehoeve.nl\/wpbeheer\/bedingungen\/?lang=de","og_site_name":"Vakantiehoeve de Biezenpolder","article_modified_time":"2023-11-15T19:55:03+00:00","schema":{"@context":"https:\/\/schema.org","@graph":[{"@type":"WebPage","@id":"https:\/\/www.vakantiehoeve.nl\/wpbeheer\/bedingungen\/?lang=de","url":"https:\/\/www.vakantiehoeve.nl\/wpbeheer\/bedingungen\/?lang=de","name":"Bedingungen - %","isPartOf":{"@id":"https:\/\/www.vakantiehoeve.nl\/wpbeheer\/#website"},"datePublished":"2023-11-15T19:42:39+00:00","dateModified":"2023-11-15T19:55:03+00:00","description":"Alle Datenschutzbestimmungen, Hausordnung, Cookie- und Stornierungsbestimmungen f\u00fcr einen angenehmen Aufenthalt auf unserem Ferienhof","breadcrumb":{"@id":"https:\/\/www.vakantiehoeve.nl\/wpbeheer\/bedingungen\/?lang=de#breadcrumb"},"inLanguage":"nl-NL","potentialAction":[{"@type":"ReadAction","target":["https:\/\/www.vakantiehoeve.nl\/wpbeheer\/bedingungen\/?lang=de"]}]},{"@type":"BreadcrumbList","@id":"https:\/\/www.vakantiehoeve.nl\/wpbeheer\/bedingungen\/?lang=de#breadcrumb","itemListElement":[{"@type":"ListItem","position":1,"name":"Home","item":"https:\/\/www.vakantiehoeve.nl\/wpbeheer\/"},{"@type":"ListItem","position":2,"name":"Bedingungen"}]},{"@type":"WebSite","@id":"https:\/\/www.vakantiehoeve.nl\/wpbeheer\/#website","url":"https:\/\/www.vakantiehoeve.nl\/wpbeheer\/","name":"Vakantiehoeve de Biezenpolder","description":"geniet het zeeuwsvlaamse landschap","publisher":{"@id":"https:\/\/www.vakantiehoeve.nl\/wpbeheer\/#organization"},"potentialAction":[{"@type":"SearchAction","target":{"@type":"EntryPoint","urlTemplate":"https:\/\/www.vakantiehoeve.nl\/wpbeheer\/?s={search_term_string}"},"query-input":{"@type":"PropertyValueSpecification","valueRequired":true,"valueName":"search_term_string"}}],"inLanguage":"nl-NL"},{"@type":"Organization","@id":"https:\/\/www.vakantiehoeve.nl\/wpbeheer\/#organization","name":"VOF de Biezenpolder","url":"https:\/\/www.vakantiehoeve.nl\/wpbeheer\/","logo":{"@type":"ImageObject","inLanguage":"nl-NL","@id":"https:\/\/www.vakantiehoeve.nl\/wpbeheer\/#\/schema\/logo\/image\/","url":"https:\/\/www.vakantiehoeve.nl\/wpbeheer\/wp-content\/uploads\/2023\/11\/android-chrome-512x512-1.png","contentUrl":"https:\/\/www.vakantiehoeve.nl\/wpbeheer\/wp-content\/uploads\/2023\/11\/android-chrome-512x512-1.png","width":512,"height":512,"caption":"VOF de Biezenpolder"},"image":{"@id":"https:\/\/www.vakantiehoeve.nl\/wpbeheer\/#\/schema\/logo\/image\/"}}]}},"_links":{"self":[{"href":"https:\/\/www.vakantiehoeve.nl\/wpbeheer\/wp-json\/wp\/v2\/pages\/5894","targetHints":{"allow":["GET"]}}],"collection":[{"href":"https:\/\/www.vakantiehoeve.nl\/wpbeheer\/wp-json\/wp\/v2\/pages"}],"about":[{"href":"https:\/\/www.vakantiehoeve.nl\/wpbeheer\/wp-json\/wp\/v2\/types\/page"}],"author":[{"embeddable":true,"href":"https:\/\/www.vakantiehoeve.nl\/wpbeheer\/wp-json\/wp\/v2\/users\/1"}],"replies":[{"embeddable":true,"href":"https:\/\/www.vakantiehoeve.nl\/wpbeheer\/wp-json\/wp\/v2\/comments?post=5894"}],"version-history":[{"count":0,"href":"https:\/\/www.vakantiehoeve.nl\/wpbeheer\/wp-json\/wp\/v2\/pages\/5894\/revisions"}],"wp:attachment":[{"href":"https:\/\/www.vakantiehoeve.nl\/wpbeheer\/wp-json\/wp\/v2\/media?parent=5894"}],"curies":[{"name":"wp","href":"https:\/\/api.w.org\/{rel}","templated":true}]}}