{"id":5824,"date":"2023-11-13T21:26:42","date_gmt":"2023-11-13T20:26:42","guid":{"rendered":"https:\/\/www.vakantiehoeve.nl\/wpbeheer\/wohnungen\/"},"modified":"2023-11-13T21:33:18","modified_gmt":"2023-11-13T20:33:18","slug":"wohnungen","status":"publish","type":"page","link":"https:\/\/www.vakantiehoeve.nl\/wpbeheer\/wohnungen\/?lang=de","title":{"rendered":"Wohnungen"},"content":{"rendered":"\n\n\t<section class=\"section\" id=\"section_1555171020\">\n\t\t<div class=\"section-bg fill\" >\n\t\t\t\t\t\t\t\t\t\n\t\t\t\n\n\t\t<\/div>\n\n\t\t\n\n\t\t<div class=\"section-content relative\">\n\t\t\t\n\n<div class=\"row\"  id=\"row-1065439790\">\n\n\n\t<div id=\"col-1884729657\" class=\"col small-12 large-12\"  >\n\t\t\t\t<div class=\"col-inner\"  >\n\t\t\t\n\t\t\t\n\n<div class=\"container section-title-container\" ><h3 class=\"section-title section-title-center\"><b aria-hidden=\"true\"><\/b><span class=\"section-title-main\" style=\"color:rgb(1, 143, 191);\">Unsere Wohnungen<\/span><b aria-hidden=\"true\"><\/b><\/h3><\/div>\n\n\t<div id=\"gap-269249280\" class=\"gap-element clearfix\" style=\"display:block; height:auto;\">\n\t\t\n<style>\n#gap-269249280 {\n  padding-top: 30px;\n}\n<\/style>\n\t<\/div>\n\t\n\n<div class=\"row\"  id=\"row-2113841016\">\n\n\n\t<div id=\"col-958304473\" class=\"col medium-4 small-12 large-4\"  >\n\t\t\t\t<div class=\"col-inner\"  >\n\t\t\t\n\t\t\t\n\n    <div class=\"box has-hover has-hover box-text-bottom\" >\n\n                  <div class=\"box-image \" style=\"width:80%;\">\n           <div class=\"box-image-inner image-cover\" style=\"border-radius:100%;padding-top:100%;\">\n              <img loading=\"lazy\" decoding=\"async\" width=\"750\" height=\"500\" src=\"https:\/\/www.vakantiehoeve.nl\/wpbeheer\/wp-content\/uploads\/2023\/11\/Hoeve_Woonhuis-1.jpeg\" class=\"attachment- size-\" alt=\"Vakantiehoeve de Biezenpolder Woonhuis\" srcset=\"https:\/\/www.vakantiehoeve.nl\/wpbeheer\/wp-content\/uploads\/2023\/11\/Hoeve_Woonhuis-1.jpeg 750w, https:\/\/www.vakantiehoeve.nl\/wpbeheer\/wp-content\/uploads\/2023\/11\/Hoeve_Woonhuis-1-300x200.jpeg 300w\" sizes=\"auto, (max-width: 750px) 100vw, 750px\" \/>                         <\/div>\n          <\/div>\n         \n          <div class=\"box-text text-center\" >\n                <div class=\"box-text-inner\">\n                  <h4 class=\"uppercase\">\n                    <span class=\"person-name\">Het Woonhuis<\/span><br\/>\n                    <span class=\"person-title is-small thin-font op-7\">\n                      F\u00fcr 12 Personen                    <\/span>\n                  <\/h4>\n\t\t\t\t\t\n\n\t<div id=\"text-3222671097\" class=\"text\">\n\t\t\n\nEin ger\u00e4umiges Wohnhaus mit nostalgischem Charme und allen modernen Annehmlichkeiten. Das Haus verf\u00fcgt \u00fcber 5 Schlafzimmer f\u00fcr insgesamt 12 Personen, eine ger\u00e4umige K\u00fcche, Esszimmer, Wohnzimmer und einen gro\u00dfen Hof und Garten bieten optimalen Urlaubsgenuss.\n\t\t\n<style>\n#text-3222671097 {\n  font-size: 1rem;\n  text-align: center;\n}\n<\/style>\n\t<\/div>\n\t\n<a href=\"http:\/\/www.vakantiehoeve.nl\/het-woonhuis\" class=\"button primary\" style=\"border-radius:99px;\">\n\t\t<span>Mehr Infos<\/span>\n\t<\/a>\n\n\n\n                <\/div>\n          <\/div>\n    <\/div>\n\n\t\n    \n\n\t\t<\/div>\n\t\t\t\t\t<\/div>\n\n\t\n\n\t<div id=\"col-1597878266\" class=\"col medium-4 small-12 large-4\"  >\n\t\t\t\t<div class=\"col-inner\"  >\n\t\t\t\n\t\t\t\n\n    <div class=\"box has-hover has-hover box-text-bottom\" >\n\n                  <div class=\"box-image \" style=\"width:80%;\">\n           <div class=\"box-image-inner image-cover\" style=\"border-radius:100%;padding-top:100%;\">\n              <img loading=\"lazy\" decoding=\"async\" width=\"720\" height=\"480\" src=\"https:\/\/www.vakantiehoeve.nl\/wpbeheer\/wp-content\/uploads\/2023\/11\/Hooizolder.jpg\" class=\"attachment- size-\" alt=\"Vakantiehoeve De Biezenpolder De Hooizolder\" srcset=\"https:\/\/www.vakantiehoeve.nl\/wpbeheer\/wp-content\/uploads\/2023\/11\/Hooizolder.jpg 720w, https:\/\/www.vakantiehoeve.nl\/wpbeheer\/wp-content\/uploads\/2023\/11\/Hooizolder-300x200.jpg 300w\" sizes=\"auto, (max-width: 720px) 100vw, 720px\" \/>                         <\/div>\n          <\/div>\n         \n          <div class=\"box-text text-center\" >\n                <div class=\"box-text-inner\">\n                  <h4 class=\"uppercase\">\n                    <span class=\"person-name\">De Hooizolder<\/span><br\/>\n                    <span class=\"person-title is-small thin-font op-7\">\n                      F\u00fcr 12 Personen                    <\/span>\n                  <\/h4>\n\t\t\t\t\t\n\n\t<div id=\"text-777398431\" class=\"text\">\n\t\t\n\n<p>Unsere gem\u00fctlich eingerichtete und attraktive Wohnung &#8220;De Hooizolder&#8221; bietet Platz f\u00fcr 12 Personen. Es bietet 5 Schlafzimmer, ein Wohnzimmer mit extra Schlafsofa, 2 B\u00e4der, eine ger\u00e4umige K\u00fcche\/Esszimmer und einen Garten mit Terrasse<\/p>\n\n\t\t\n<style>\n#text-777398431 {\n  font-size: 1rem;\n  text-align: center;\n}\n<\/style>\n\t<\/div>\n\t\n<a href=\"http:\/\/www.vakantiehoeve.nl\/de-hooizolder\" class=\"button primary\" style=\"border-radius:99px;\">\n\t\t<span>Mehr Infos<\/span>\n\t<\/a>\n\n\n\n                <\/div>\n          <\/div>\n    <\/div>\n\n\t\n    \n\n\t\t<\/div>\n\t\t\t\t\t<\/div>\n\n\t\n\n\t<div id=\"col-288662404\" class=\"col medium-4 small-12 large-4\"  >\n\t\t\t\t<div class=\"col-inner\"  >\n\t\t\t\n\t\t\t\n\n    <div class=\"box has-hover has-hover box-text-bottom\" >\n\n                  <div class=\"box-image \" style=\"width:80%;\">\n           <div class=\"box-image-inner image-cover\" style=\"border-radius:100%;padding-top:100%;\">\n              <img loading=\"lazy\" decoding=\"async\" width=\"720\" height=\"480\" src=\"https:\/\/www.vakantiehoeve.nl\/wpbeheer\/wp-content\/uploads\/2023\/11\/Dorsvloer.jpg\" class=\"attachment- size-\" alt=\"Vakantiehoeve De Biezenpolder De Dorsvloer\" srcset=\"https:\/\/www.vakantiehoeve.nl\/wpbeheer\/wp-content\/uploads\/2023\/11\/Dorsvloer.jpg 720w, https:\/\/www.vakantiehoeve.nl\/wpbeheer\/wp-content\/uploads\/2023\/11\/Dorsvloer-300x200.jpg 300w\" sizes=\"auto, (max-width: 720px) 100vw, 720px\" \/>                         <\/div>\n          <\/div>\n         \n          <div class=\"box-text text-center\" >\n                <div class=\"box-text-inner\">\n                  <h4 class=\"uppercase\">\n                    <span class=\"person-name\">De Dorsvloer<\/span><br\/>\n                    <span class=\"person-title is-small thin-font op-7\">\n                      F\u00fcr 6 bis 8 Personen                    <\/span>\n                  <\/h4>\n\t\t\t\t\t\n\n\t<div id=\"text-3025738032\" class=\"text\">\n\t\t\n\n<p>Die gem\u00fctliche Wohnung \u201eTenne\u201c ist f\u00fcr 6 Personen geeignet. Die Wohnung hat drei Schlafzimmer, ein ger\u00e4umiges Wohnzimmer \/ K\u00fcche und einen gro\u00dfen Garten mit St\u00fchlen f\u00fcr Sonnenschirm und Grill f\u00fcr erholsame Urlaubstage.<\/p>\n\t\t\n<style>\n#text-3025738032 {\n  font-size: 1rem;\n  text-align: center;\n}\n<\/style>\n\t<\/div>\n\t\n<a href=\"http:\/\/www.vakantiehoeve.nl\/de-dorsvloer\" class=\"button primary\" style=\"border-radius:99px;\">\n\t\t<span>Mehr Infos<\/span>\n\t<\/a>\n\n\n\n                <\/div>\n          <\/div>\n    <\/div>\n\n\t\n    \n\n\t\t<\/div>\n\t\t\t\t\t<\/div>\n\n\t\n\n<\/div>\n\n\t\t<\/div>\n\t\t\t\t\t<\/div>\n\n\t\n\n<\/div>\n\n\t\t<\/div>\n\n\t\t\n<style>\n#section_1555171020 {\n  padding-top: 30px;\n  padding-bottom: 30px;\n}\n<\/style>\n\t<\/section>\n\t\n\n","protected":false},"excerpt":{"rendered":"","protected":false},"author":1,"featured_media":0,"parent":0,"menu_order":0,"comment_status":"closed","ping_status":"closed","template":"page-transparent-header.php","meta":{"footnotes":""},"class_list":["post-5824","page","type-page","status-publish","hentry"],"yoast_head":"<!-- This site is optimized with the Yoast SEO plugin v27.2 - https:\/\/yoast.com\/product\/yoast-seo-wordpress\/ -->\n<title>Wohnungen - Vakantiehoeve de Biezenpolder<\/title>\n<meta name=\"description\" content=\"Unser Ferienhof verf\u00fcgt \u00fcber 3 ger\u00e4umige Ferienunterk\u00fcnfte, Das Haus, Die Tenne und Der Heuboden f\u00fcr 6 bis 12 Personen.\" \/>\n<meta name=\"robots\" content=\"index, follow, max-snippet:-1, max-image-preview:large, max-video-preview:-1\" \/>\n<link rel=\"canonical\" href=\"https:\/\/www.vakantiehoeve.nl\/wpbeheer\/wohnungen\/?lang=de\" \/>\n<meta property=\"og:locale\" content=\"nl_NL\" \/>\n<meta property=\"og:type\" content=\"article\" \/>\n<meta property=\"og:title\" content=\"Wohnungen - Vakantiehoeve de Biezenpolder\" \/>\n<meta property=\"og:description\" content=\"Unser Ferienhof verf\u00fcgt \u00fcber 3 ger\u00e4umige Ferienunterk\u00fcnfte, Das Haus, Die Tenne und Der Heuboden f\u00fcr 6 bis 12 Personen.\" \/>\n<meta property=\"og:url\" content=\"https:\/\/www.vakantiehoeve.nl\/wpbeheer\/wohnungen\/?lang=de\" \/>\n<meta property=\"og:site_name\" content=\"Vakantiehoeve de Biezenpolder\" \/>\n<meta property=\"article:modified_time\" content=\"2023-11-13T20:33:18+00:00\" \/>\n<script type=\"application\/ld+json\" class=\"yoast-schema-graph\">{\"@context\":\"https:\/\/schema.org\",\"@graph\":[{\"@type\":\"WebPage\",\"@id\":\"https:\/\/www.vakantiehoeve.nl\/wpbeheer\/wohnungen\/?lang=de\",\"url\":\"https:\/\/www.vakantiehoeve.nl\/wpbeheer\/wohnungen\/?lang=de\",\"name\":\"Wohnungen - Vakantiehoeve de Biezenpolder\",\"isPartOf\":{\"@id\":\"https:\/\/www.vakantiehoeve.nl\/wpbeheer\/#website\"},\"datePublished\":\"2023-11-13T20:26:42+00:00\",\"dateModified\":\"2023-11-13T20:33:18+00:00\",\"description\":\"Unser Ferienhof verf\u00fcgt \u00fcber 3 ger\u00e4umige Ferienunterk\u00fcnfte, Das Haus, Die Tenne und Der Heuboden f\u00fcr 6 bis 12 Personen.\",\"breadcrumb\":{\"@id\":\"https:\/\/www.vakantiehoeve.nl\/wpbeheer\/wohnungen\/?lang=de#breadcrumb\"},\"inLanguage\":\"nl-NL\",\"potentialAction\":[{\"@type\":\"ReadAction\",\"target\":[\"https:\/\/www.vakantiehoeve.nl\/wpbeheer\/wohnungen\/?lang=de\"]}]},{\"@type\":\"BreadcrumbList\",\"@id\":\"https:\/\/www.vakantiehoeve.nl\/wpbeheer\/wohnungen\/?lang=de#breadcrumb\",\"itemListElement\":[{\"@type\":\"ListItem\",\"position\":1,\"name\":\"Home\",\"item\":\"https:\/\/www.vakantiehoeve.nl\/wpbeheer\/\"},{\"@type\":\"ListItem\",\"position\":2,\"name\":\"Wohnungen\"}]},{\"@type\":\"WebSite\",\"@id\":\"https:\/\/www.vakantiehoeve.nl\/wpbeheer\/#website\",\"url\":\"https:\/\/www.vakantiehoeve.nl\/wpbeheer\/\",\"name\":\"Vakantiehoeve de Biezenpolder\",\"description\":\"geniet het zeeuwsvlaamse landschap\",\"publisher\":{\"@id\":\"https:\/\/www.vakantiehoeve.nl\/wpbeheer\/#organization\"},\"potentialAction\":[{\"@type\":\"SearchAction\",\"target\":{\"@type\":\"EntryPoint\",\"urlTemplate\":\"https:\/\/www.vakantiehoeve.nl\/wpbeheer\/?s={search_term_string}\"},\"query-input\":{\"@type\":\"PropertyValueSpecification\",\"valueRequired\":true,\"valueName\":\"search_term_string\"}}],\"inLanguage\":\"nl-NL\"},{\"@type\":\"Organization\",\"@id\":\"https:\/\/www.vakantiehoeve.nl\/wpbeheer\/#organization\",\"name\":\"VOF de Biezenpolder\",\"url\":\"https:\/\/www.vakantiehoeve.nl\/wpbeheer\/\",\"logo\":{\"@type\":\"ImageObject\",\"inLanguage\":\"nl-NL\",\"@id\":\"https:\/\/www.vakantiehoeve.nl\/wpbeheer\/#\/schema\/logo\/image\/\",\"url\":\"https:\/\/www.vakantiehoeve.nl\/wpbeheer\/wp-content\/uploads\/2023\/11\/android-chrome-512x512-1.png\",\"contentUrl\":\"https:\/\/www.vakantiehoeve.nl\/wpbeheer\/wp-content\/uploads\/2023\/11\/android-chrome-512x512-1.png\",\"width\":512,\"height\":512,\"caption\":\"VOF de Biezenpolder\"},\"image\":{\"@id\":\"https:\/\/www.vakantiehoeve.nl\/wpbeheer\/#\/schema\/logo\/image\/\"}}]}<\/script>\n<!-- \/ Yoast SEO plugin. -->","yoast_head_json":{"title":"Wohnungen - Vakantiehoeve de Biezenpolder","description":"Unser Ferienhof verf\u00fcgt \u00fcber 3 ger\u00e4umige Ferienunterk\u00fcnfte, Das Haus, Die Tenne und Der Heuboden f\u00fcr 6 bis 12 Personen.","robots":{"index":"index","follow":"follow","max-snippet":"max-snippet:-1","max-image-preview":"max-image-preview:large","max-video-preview":"max-video-preview:-1"},"canonical":"https:\/\/www.vakantiehoeve.nl\/wpbeheer\/wohnungen\/?lang=de","og_locale":"nl_NL","og_type":"article","og_title":"Wohnungen - Vakantiehoeve de Biezenpolder","og_description":"Unser Ferienhof verf\u00fcgt \u00fcber 3 ger\u00e4umige Ferienunterk\u00fcnfte, Das Haus, Die Tenne und Der Heuboden f\u00fcr 6 bis 12 Personen.","og_url":"https:\/\/www.vakantiehoeve.nl\/wpbeheer\/wohnungen\/?lang=de","og_site_name":"Vakantiehoeve de Biezenpolder","article_modified_time":"2023-11-13T20:33:18+00:00","schema":{"@context":"https:\/\/schema.org","@graph":[{"@type":"WebPage","@id":"https:\/\/www.vakantiehoeve.nl\/wpbeheer\/wohnungen\/?lang=de","url":"https:\/\/www.vakantiehoeve.nl\/wpbeheer\/wohnungen\/?lang=de","name":"Wohnungen - Vakantiehoeve de Biezenpolder","isPartOf":{"@id":"https:\/\/www.vakantiehoeve.nl\/wpbeheer\/#website"},"datePublished":"2023-11-13T20:26:42+00:00","dateModified":"2023-11-13T20:33:18+00:00","description":"Unser Ferienhof verf\u00fcgt \u00fcber 3 ger\u00e4umige Ferienunterk\u00fcnfte, Das Haus, Die Tenne und Der Heuboden f\u00fcr 6 bis 12 Personen.","breadcrumb":{"@id":"https:\/\/www.vakantiehoeve.nl\/wpbeheer\/wohnungen\/?lang=de#breadcrumb"},"inLanguage":"nl-NL","potentialAction":[{"@type":"ReadAction","target":["https:\/\/www.vakantiehoeve.nl\/wpbeheer\/wohnungen\/?lang=de"]}]},{"@type":"BreadcrumbList","@id":"https:\/\/www.vakantiehoeve.nl\/wpbeheer\/wohnungen\/?lang=de#breadcrumb","itemListElement":[{"@type":"ListItem","position":1,"name":"Home","item":"https:\/\/www.vakantiehoeve.nl\/wpbeheer\/"},{"@type":"ListItem","position":2,"name":"Wohnungen"}]},{"@type":"WebSite","@id":"https:\/\/www.vakantiehoeve.nl\/wpbeheer\/#website","url":"https:\/\/www.vakantiehoeve.nl\/wpbeheer\/","name":"Vakantiehoeve de Biezenpolder","description":"geniet het zeeuwsvlaamse landschap","publisher":{"@id":"https:\/\/www.vakantiehoeve.nl\/wpbeheer\/#organization"},"potentialAction":[{"@type":"SearchAction","target":{"@type":"EntryPoint","urlTemplate":"https:\/\/www.vakantiehoeve.nl\/wpbeheer\/?s={search_term_string}"},"query-input":{"@type":"PropertyValueSpecification","valueRequired":true,"valueName":"search_term_string"}}],"inLanguage":"nl-NL"},{"@type":"Organization","@id":"https:\/\/www.vakantiehoeve.nl\/wpbeheer\/#organization","name":"VOF de Biezenpolder","url":"https:\/\/www.vakantiehoeve.nl\/wpbeheer\/","logo":{"@type":"ImageObject","inLanguage":"nl-NL","@id":"https:\/\/www.vakantiehoeve.nl\/wpbeheer\/#\/schema\/logo\/image\/","url":"https:\/\/www.vakantiehoeve.nl\/wpbeheer\/wp-content\/uploads\/2023\/11\/android-chrome-512x512-1.png","contentUrl":"https:\/\/www.vakantiehoeve.nl\/wpbeheer\/wp-content\/uploads\/2023\/11\/android-chrome-512x512-1.png","width":512,"height":512,"caption":"VOF de Biezenpolder"},"image":{"@id":"https:\/\/www.vakantiehoeve.nl\/wpbeheer\/#\/schema\/logo\/image\/"}}]}},"_links":{"self":[{"href":"https:\/\/www.vakantiehoeve.nl\/wpbeheer\/wp-json\/wp\/v2\/pages\/5824","targetHints":{"allow":["GET"]}}],"collection":[{"href":"https:\/\/www.vakantiehoeve.nl\/wpbeheer\/wp-json\/wp\/v2\/pages"}],"about":[{"href":"https:\/\/www.vakantiehoeve.nl\/wpbeheer\/wp-json\/wp\/v2\/types\/page"}],"author":[{"embeddable":true,"href":"https:\/\/www.vakantiehoeve.nl\/wpbeheer\/wp-json\/wp\/v2\/users\/1"}],"replies":[{"embeddable":true,"href":"https:\/\/www.vakantiehoeve.nl\/wpbeheer\/wp-json\/wp\/v2\/comments?post=5824"}],"version-history":[{"count":0,"href":"https:\/\/www.vakantiehoeve.nl\/wpbeheer\/wp-json\/wp\/v2\/pages\/5824\/revisions"}],"wp:attachment":[{"href":"https:\/\/www.vakantiehoeve.nl\/wpbeheer\/wp-json\/wp\/v2\/media?parent=5824"}],"curies":[{"name":"wp","href":"https:\/\/api.w.org\/{rel}","templated":true}]}}